{"id":106,"date":"2013-01-23T21:05:23","date_gmt":"2013-01-23T20:05:23","guid":{"rendered":"http:\/\/www.kantorei-johannisthal.de\/?page_id=106"},"modified":"2013-03-27T20:58:13","modified_gmt":"2013-03-27T19:58:13","slug":"uber-uns","status":"publish","type":"page","link":"http:\/\/www.kantorei-johannisthal.de\/?page_id=106","title":{"rendered":"\u00dcber uns"},"content":{"rendered":"<p>Die Kantorei Johannisthal hat sich um 2006 aus Mitgliedern des damaligen Gospelchores, des Kirchenchores und weiterer erfahrener S\u00e4ngerinnen und S\u00e4nger zun\u00e4chst als Projektchor gegr\u00fcndet. Inzwischen proben wir st\u00e4ndig f\u00fcr zwei bis drei Konzerte im Jahr und geben mehrmals im Jahr (oft gemeinsam mit anderen Ch\u00f6ren der Region) Gottesdiensten ihren musikalischen Rahmen.<\/p>\n<p>Die Kantorei besteht aus einem festen Kern von etwa 30 S\u00e4ngerinnen und S\u00e4ngern, f\u00fcr gro\u00dfe Projekte wird der Chor manchmal aber auch doppelt so gro\u00df. Neben der Arbeit f\u00fcr unsere Auftritte kommt die Gemeinschaft nicht zu kurz: gro\u00dfe Reisen wie zu &#8222;unserer Orgel&#8220; in <a href=\"http:\/\/www.ev-kirche-johannisthal.de\/?cat=14\">Gussew<\/a> oder Chorwochenenden in der Umgebung sind willkommene Abwechslung vom Alltag.<\/p>\n<p>Eine (nicht vollst\u00e4ndige) \u00dcbersicht unserer bisherigen Konzerte und Auftritte:<\/p>\n<p><strong>10. M\u00e4rz 2013:<\/strong> Kirche Johannisthal<br \/>\nJ.S. Bach und D. Buxtehude: <a href=\"http:\/\/www.ev-kirche-johannisthal.de\/wp-content\/uploads\/2013\/02\/130310_Passionsmusik.jpg\"><img loading=\"lazy\" decoding=\"async\" class=\"alignright\" alt=\"Plakat\" src=\"http:\/\/www.ev-kirche-johannisthal.de\/wp-content\/uploads\/2013\/02\/130310_Passionsmusik-207x300.jpg\" width=\"207\" height=\"300\" \/><\/a>Chor\u00e4le der Motette \u201eJesu meine Freude\u201c und Kantaten aus dem Passionszyklus \u201eMembra Jesu Nostri\u201c<\/p>\n<p><strong>18. November 2012:<\/strong>\u00a0Christuskirche Obersch\u00f6neweide:<br \/>\nRequiem von Wolfgang Amadeus Mozart<\/p>\n<p><strong><strong><a href=\"http:\/\/www.kantorei-johannisthal.de\/wp-content\/uploads\/2013\/01\/120318_Konzert.jpg\"><img loading=\"lazy\" decoding=\"async\" class=\"alignright\" alt=\"120318_Konzert\" src=\"http:\/\/www.kantorei-johannisthal.de\/wp-content\/uploads\/2013\/01\/120318_Konzert-207x300.jpg\" width=\"207\" height=\"300\" \/><\/a><\/strong><strong><a href=\"http:\/\/www.kantorei-johannisthal.de\/wp-content\/uploads\/2013\/01\/121118_MozartRequiem.jpg\"><img loading=\"lazy\" decoding=\"async\" class=\"alignright\" alt=\"121118_MozartRequiem\" src=\"http:\/\/www.kantorei-johannisthal.de\/wp-content\/uploads\/2013\/01\/121118_MozartRequiem-208x300.jpg\" width=\"208\" height=\"300\" \/><\/a><\/strong>18. M\u00e4rz 2012:<\/strong>\u00a0Ev. Kirche Johannisthal<br \/>\nPassionsmusik &#8211; u.a. mit<br \/>\nMotette &#8222;Jesu, meine Freude&#8220; von Johann Sebastian Bach<\/p>\n<p><strong>16. Oktober 2011<\/strong>: Bachkantate im Gottesdienst &#8211; Erl\u00f6serkirche Lichtenberg<br \/>\nWeinen, Klagen, Sorgen, Zagen&#8220; BWV 12 von Johann Sebastian Bach<\/p>\n<p><strong>27. August 2011:<\/strong>\u00a0Nacht der Ch\u00f6re in der Erl\u00f6serkirche Lichtenberg<\/p>\n<p><strong>27. M\u00e4rz 2011:<\/strong>\u00a0Christuskirche Obersch\u00f6neweide<br \/>\nMusik zur Passion u.a. mit &#8222;Jesu, meine Freude&#8220; von D. Buxtehude<\/p>\n<p><strong><a href=\"http:\/\/www.kantorei-johannisthal.de\/wp-content\/uploads\/2013\/01\/101212_Weihnachtsoratorium.jpg\"><img loading=\"lazy\" decoding=\"async\" class=\"size-medium wp-image-205 alignright\" alt=\"101212_Weihnachtsoratorium\" src=\"http:\/\/www.kantorei-johannisthal.de\/wp-content\/uploads\/2013\/01\/101212_Weihnachtsoratorium-206x300.jpg\" width=\"206\" height=\"300\" srcset=\"http:\/\/www.kantorei-johannisthal.de\/wp-content\/uploads\/2013\/01\/101212_Weihnachtsoratorium-206x300.jpg 206w, http:\/\/www.kantorei-johannisthal.de\/wp-content\/uploads\/2013\/01\/101212_Weihnachtsoratorium.jpg 615w\" sizes=\"auto, (max-width: 206px) 85vw, 206px\" \/><\/a>12. Dezember 2010:<\/strong>\u00a0Kirche zum Vaterhaus, Baumschulenweg<br \/>\nWeihnachtsoratorium I-III von Johann Sebastian Bach<\/p>\n<p><strong>22. November 2009<\/strong>: Ev. Kirche Johannisthal<br \/>\nMusik zum Ewigkeitssonntag &#8211; u.a.<br \/>\nRequiem von Gabriel Faur\u00e9<\/p>\n<p><strong>07. Dezember 2008:<\/strong>\u00a0Christuskirche Obersch\u00f6neweide<br \/>\nAdventsmusik &#8211; u.a.<br \/>\nMagnificat von Antonio Vivaldi und Kantate &#8222;Nun ich singe&#8220; von Johann Theile<\/p>\n<p><strong>25. November 2007:<\/strong>\u00a0Ev. Kirche Johannisthal<br \/>\n&#8222;Wachet auf!&#8220;, ruft uns die Stimme: Musik zum Ewigkeitssonntag<\/p>\n","protected":false},"excerpt":{"rendered":"<p>Die Kantorei Johannisthal hat sich um 2006 aus Mitgliedern des damaligen Gospelchores, des Kirchenchores und weiterer erfahrener S\u00e4ngerinnen und S\u00e4nger zun\u00e4chst als Projektchor gegr\u00fcndet. Inzwischen proben wir st\u00e4ndig f\u00fcr zwei bis drei Konzerte im Jahr und geben mehrmals im Jahr (oft gemeinsam mit anderen Ch\u00f6ren der Region) Gottesdiensten ihren musikalischen Rahmen. Die Kantorei besteht aus &hellip; <a href=\"http:\/\/www.kantorei-johannisthal.de\/?page_id=106\" class=\"more-link\"><span class=\"screen-reader-text\">\u201e\u00dcber uns\u201c <\/span>weiterlesen<\/a><\/p>\n","protected":false},"author":1,"featured_media":0,"parent":0,"menu_order":0,"comment_status":"open","ping_status":"closed","template":"","meta":{"footnotes":""},"class_list":["post-106","page","type-page","status-publish","hentry"],"_links":{"self":[{"href":"http:\/\/www.kantorei-johannisthal.de\/index.php?rest_route=\/wp\/v2\/pages\/106","targetHints":{"allow":["GET"]}}],"collection":[{"href":"http:\/\/www.kantorei-johannisthal.de\/index.php?rest_route=\/wp\/v2\/pages"}],"about":[{"href":"http:\/\/www.kantorei-johannisthal.de\/index.php?rest_route=\/wp\/v2\/types\/page"}],"author":[{"embeddable":true,"href":"http:\/\/www.kantorei-johannisthal.de\/index.php?rest_route=\/wp\/v2\/users\/1"}],"replies":[{"embeddable":true,"href":"http:\/\/www.kantorei-johannisthal.de\/index.php?rest_route=%2Fwp%2Fv2%2Fcomments&post=106"}],"version-history":[{"count":15,"href":"http:\/\/www.kantorei-johannisthal.de\/index.php?rest_route=\/wp\/v2\/pages\/106\/revisions"}],"predecessor-version":[{"id":147,"href":"http:\/\/www.kantorei-johannisthal.de\/index.php?rest_route=\/wp\/v2\/pages\/106\/revisions\/147"}],"wp:attachment":[{"href":"http:\/\/www.kantorei-johannisthal.de\/index.php?rest_route=%2Fwp%2Fv2%2Fmedia&parent=106"}],"curies":[{"name":"wp","href":"https:\/\/api.w.org\/{rel}","templated":true}]}}